{"id":15,"date":"2022-11-13T23:07:03","date_gmt":"2022-11-13T22:07:03","guid":{"rendered":"http:\/\/booking-convois.com\/?page_id=15"},"modified":"2023-01-13T11:50:19","modified_gmt":"2023-01-13T10:50:19","slug":"qui-sommes-nous","status":"publish","type":"page","link":"https:\/\/booking-convois.com\/","title":{"rendered":"Qui sommes-nous"},"content":{"rendered":"\n<p><strong>Booking-Convois.com <\/strong> est une soci\u00e9t\u00e9 informatique qui imagine et d\u00e9veloppe des Solutions logicielles m\u00e9tiers autour du transport exceptionnel. <\/p>\n\n\n\n<p><strong>Ne vous m\u00e9prenez pas, nous ne sommes pas un nouveau concurrent sur le march\u00e9 du TE<\/strong>. Notre entreprise ambitionne de mettre en place <strong>un \u00e9cosyst\u00e8me num\u00e9rique autour de l&rsquo;activit\u00e9 du Transport Exceptionnel<\/strong>. L&rsquo;acc\u00e8s \u00e0 tous nos services est gratuit !<\/p>\n\n\n\n<p>Nous sommes un <a href=\"https:\/\/www.snsolutions.fr\/developpement-logiciel-sur-mesure\/\" target=\"_blank\" rel=\"noreferrer noopener\"><strong>\u00c9diteur de solutions professionnelles sur mesure<\/strong><\/a> et nous nous mettons \u00e0 la disposition de vos entreprises pour \u00e9changer sur des besoins en d\u00e9veloppement informatique pouvant permettre de faire \u00e9voluer vos propres outils m\u00e9tiers\u2026 N&rsquo;h\u00e9sitez pas \u00e0 nous contacter sur ces sujets.<\/p>\n\n\n\n<div style=\"height:15px\" aria-hidden=\"true\" class=\"wp-block-spacer\"><\/div>\n\n\n\n<hr class=\"wp-block-separator has-alpha-channel-opacity\"\/>\n\n\n\n<p>D&rsquo;abord avec <strong>G\u00e9oConvois.com<\/strong>, nous proposons un&nbsp;<strong>syst\u00e8me de positionnement&nbsp;<\/strong>par satellites&nbsp;<strong>coupl\u00e9 \u00e0 la cartographie <a href=\"https:\/\/www.geoportail.gouv.fr\/actualites\/une-cartographie-unique-pour-les-transports-exceptionnels\" target=\"_blank\" rel=\"noreferrer noopener\">G\u00e9oportail<\/a>.<\/strong> <strong> <\/strong><\/p>\n\n\n\n<p>L&rsquo;outil contribue au <strong>respect des itin\u00e9raires r\u00e9serv\u00e9s aux convois exceptionnels.<\/strong>&nbsp;<\/p>\n\n\n\n<div style=\"height:15px\" aria-hidden=\"true\" class=\"wp-block-spacer\"><\/div>\n\n\n<div class=\"wp-block-image\">\n<figure class=\"aligncenter size-large\"><img loading=\"lazy\" decoding=\"async\" width=\"1024\" height=\"453\" src=\"https:\/\/booking-convois.com\/wp-content\/uploads\/2022\/11\/pub-geoconvois-2-1024x453.jpg\" alt=\"\" class=\"wp-image-18\" srcset=\"https:\/\/booking-convois.com\/wp-content\/uploads\/2022\/11\/pub-geoconvois-2-1024x453.jpg 1024w, https:\/\/booking-convois.com\/wp-content\/uploads\/2022\/11\/pub-geoconvois-2-300x133.jpg 300w, https:\/\/booking-convois.com\/wp-content\/uploads\/2022\/11\/pub-geoconvois-2-768x340.jpg 768w, https:\/\/booking-convois.com\/wp-content\/uploads\/2022\/11\/pub-geoconvois-2-1536x680.jpg 1536w, https:\/\/booking-convois.com\/wp-content\/uploads\/2022\/11\/pub-geoconvois-2-2048x907.jpg 2048w, https:\/\/booking-convois.com\/wp-content\/uploads\/2022\/11\/pub-geoconvois-2-583x258.jpg 583w\" sizes=\"auto, (max-width: 1024px) 100vw, 1024px\" \/><\/figure>\n<\/div>\n\n\n<div style=\"height:34px\" aria-hidden=\"true\" class=\"wp-block-spacer\"><\/div>\n\n\n\n<div class=\"wp-block-buttons is-layout-flex wp-block-buttons-is-layout-flex\"><\/div>\n\n\n\n<div class=\"wp-block-buttons is-layout-flex wp-block-buttons-is-layout-flex\">\n<div class=\"wp-block-button aligncenter\"><a class=\"wp-block-button__link has-accent-1-background-color has-background wp-element-button\" href=\"https:\/\/geoconvois.com\" target=\"_blank\" rel=\"noreferrer noopener\"><strong>En savoir + sur G\u00e9oConvois<\/strong><\/a><\/div>\n<\/div>\n\n\n\n<div style=\"height:48px\" aria-hidden=\"true\" class=\"wp-block-spacer\"><\/div>\n\n\n\n<hr class=\"wp-block-separator has-alpha-channel-opacity\"\/>\n\n\n\n<p>Ensuite avec <strong>BoursoConvois.com<\/strong>, nous mettons \u00e0 disposition des acteurs du TE une plateforme participative permettant de faciliter la mise en relation entre les soci\u00e9t\u00e9s de transport sp\u00e9cialis\u00e9es dans l\u2019acheminement de convois exceptionnels et les professionnels autoris\u00e9s \u00e0 en assurer la protection et\/ou le guidage.<\/p>\n\n\n\n<div class=\"wp-block-buttons is-layout-flex wp-block-buttons-is-layout-flex\"><\/div>\n\n\n<div class=\"wp-block-image\">\n<figure class=\"aligncenter size-large\"><img loading=\"lazy\" decoding=\"async\" width=\"1024\" height=\"453\" src=\"https:\/\/booking-convois.com\/wp-content\/uploads\/2022\/11\/Base-PUB-BOURSOCONVOIS-12-1024x453.jpg\" alt=\"\" class=\"wp-image-17\" srcset=\"https:\/\/booking-convois.com\/wp-content\/uploads\/2022\/11\/Base-PUB-BOURSOCONVOIS-12-1024x453.jpg 1024w, https:\/\/booking-convois.com\/wp-content\/uploads\/2022\/11\/Base-PUB-BOURSOCONVOIS-12-300x133.jpg 300w, https:\/\/booking-convois.com\/wp-content\/uploads\/2022\/11\/Base-PUB-BOURSOCONVOIS-12-768x340.jpg 768w, https:\/\/booking-convois.com\/wp-content\/uploads\/2022\/11\/Base-PUB-BOURSOCONVOIS-12-1536x680.jpg 1536w, https:\/\/booking-convois.com\/wp-content\/uploads\/2022\/11\/Base-PUB-BOURSOCONVOIS-12-2048x907.jpg 2048w, https:\/\/booking-convois.com\/wp-content\/uploads\/2022\/11\/Base-PUB-BOURSOCONVOIS-12-583x258.jpg 583w\" sizes=\"auto, (max-width: 1024px) 100vw, 1024px\" \/><\/figure>\n<\/div>\n\n\n<div style=\"height:34px\" aria-hidden=\"true\" class=\"wp-block-spacer\"><\/div>\n\n\n\n<div class=\"wp-block-buttons is-layout-flex wp-block-buttons-is-layout-flex\">\n<div class=\"wp-block-button aligncenter\"><a class=\"wp-block-button__link has-accent-2-background-color has-background wp-element-button\" href=\"https:\/\/wp.boursoconvois.com\" target=\"_blank\" rel=\"noreferrer noopener\"><strong>En savoir + sur BoursoConvois<\/strong><\/a><\/div>\n<\/div>\n\n\n\n<div class=\"wp-block-buttons is-layout-flex wp-block-buttons-is-layout-flex\"><\/div>\n\n\n\n<div style=\"height:85px\" aria-hidden=\"true\" class=\"wp-block-spacer\"><\/div>\n\n\n\n<h3 class=\"has-text-align-center wp-block-heading\"><strong>Une difficult\u00e9 technique, un renseignement sur nos solutions m\u00e9tiers autour du transport exceptionnel ?<\/strong><\/h3>\n\n\n\n<div class=\"wp-block-buttons alignwide is-layout-flex wp-block-buttons-is-layout-flex\">\n<div class=\"wp-block-button aligncenter is-style-fill\"><a class=\"wp-block-button__link has-accent-1-background-color has-background wp-element-button\" href=\"mailto:contact@booking-convois.com\" style=\"border-radius:0px\" target=\"_blank\" rel=\"noreferrer noopener\">Contactez-nous !<\/a><\/div>\n<\/div>\n\n\n\n<div style=\"height:100px\" aria-hidden=\"true\" class=\"wp-block-spacer\"><\/div>\n","protected":false},"excerpt":{"rendered":"<p>Booking-Convois.com est une soci\u00e9t\u00e9 informatique qui imagine et d\u00e9veloppe des Solutions logicielles m\u00e9tiers autour du transport exceptionnel. Ne vous m\u00e9prenez pas, nous ne sommes pas &hellip;<\/p>\n","protected":false},"author":1,"featured_media":0,"parent":0,"menu_order":0,"comment_status":"closed","ping_status":"closed","template":"","meta":{"footnotes":""},"class_list":["post-15","page","type-page","status-publish","hentry"],"yoast_head":"<!-- This site is optimized with the Yoast SEO plugin v26.0 - https:\/\/yoast.com\/wordpress\/plugins\/seo\/ -->\n<title>Qui sommes-nous - Booking Convois<\/title>\n<meta name=\"description\" content=\"Booking-Convois.com est une soci\u00e9t\u00e9 informatique qui d\u00e9veloppe des Solutions logicielles m\u00e9tiers autour du transport exceptionnel.\" \/>\n<meta name=\"robots\" content=\"index, follow, max-snippet:-1, max-image-preview:large, max-video-preview:-1\" \/>\n<link rel=\"canonical\" href=\"https:\/\/booking-convois.com\/\" \/>\n<meta property=\"og:locale\" content=\"fr_FR\" \/>\n<meta property=\"og:type\" content=\"article\" \/>\n<meta property=\"og:title\" content=\"Qui sommes-nous - Booking Convois\" \/>\n<meta property=\"og:description\" content=\"Booking-Convois.com est une soci\u00e9t\u00e9 informatique qui d\u00e9veloppe des Solutions logicielles m\u00e9tiers autour du transport exceptionnel.\" \/>\n<meta property=\"og:url\" content=\"https:\/\/booking-convois.com\/\" \/>\n<meta property=\"og:site_name\" content=\"Booking Convois\" \/>\n<meta property=\"article:modified_time\" content=\"2023-01-13T10:50:19+00:00\" \/>\n<meta property=\"og:image\" content=\"http:\/\/booking-convois.com\/wp-content\/uploads\/2022\/11\/pub-geoconvois-2-1024x453.jpg\" \/>\n<meta name=\"twitter:card\" content=\"summary_large_image\" \/>\n<meta name=\"twitter:label1\" content=\"Dur\u00e9e de lecture estim\u00e9e\" \/>\n\t<meta name=\"twitter:data1\" content=\"2 minutes\" \/>\n<script type=\"application\/ld+json\" class=\"yoast-schema-graph\">{\"@context\":\"https:\/\/schema.org\",\"@graph\":[{\"@type\":\"WebPage\",\"@id\":\"https:\/\/booking-convois.com\/\",\"url\":\"https:\/\/booking-convois.com\/\",\"name\":\"Qui sommes-nous - Booking Convois\",\"isPartOf\":{\"@id\":\"https:\/\/booking-convois.com\/#website\"},\"primaryImageOfPage\":{\"@id\":\"https:\/\/booking-convois.com\/#primaryimage\"},\"image\":{\"@id\":\"https:\/\/booking-convois.com\/#primaryimage\"},\"thumbnailUrl\":\"http:\/\/booking-convois.com\/wp-content\/uploads\/2022\/11\/pub-geoconvois-2-1024x453.jpg\",\"datePublished\":\"2022-11-13T22:07:03+00:00\",\"dateModified\":\"2023-01-13T10:50:19+00:00\",\"description\":\"Booking-Convois.com est une soci\u00e9t\u00e9 informatique qui d\u00e9veloppe des Solutions logicielles m\u00e9tiers autour du transport exceptionnel.\",\"breadcrumb\":{\"@id\":\"https:\/\/booking-convois.com\/#breadcrumb\"},\"inLanguage\":\"fr-FR\",\"potentialAction\":[{\"@type\":\"ReadAction\",\"target\":[\"https:\/\/booking-convois.com\/\"]}]},{\"@type\":\"ImageObject\",\"inLanguage\":\"fr-FR\",\"@id\":\"https:\/\/booking-convois.com\/#primaryimage\",\"url\":\"http:\/\/booking-convois.com\/wp-content\/uploads\/2022\/11\/pub-geoconvois-2-1024x453.jpg\",\"contentUrl\":\"http:\/\/booking-convois.com\/wp-content\/uploads\/2022\/11\/pub-geoconvois-2-1024x453.jpg\"},{\"@type\":\"BreadcrumbList\",\"@id\":\"https:\/\/booking-convois.com\/#breadcrumb\",\"itemListElement\":[{\"@type\":\"ListItem\",\"position\":1,\"name\":\"Accueil\",\"item\":\"https:\/\/booking-convois.com\/\"},{\"@type\":\"ListItem\",\"position\":2,\"name\":\"Qui sommes-nous\"}]},{\"@type\":\"WebSite\",\"@id\":\"https:\/\/booking-convois.com\/#website\",\"url\":\"https:\/\/booking-convois.com\/\",\"name\":\"Booking Convois\",\"description\":\"Des Solutions m\u00e9tiers autour du transport exceptionnel\",\"potentialAction\":[{\"@type\":\"SearchAction\",\"target\":{\"@type\":\"EntryPoint\",\"urlTemplate\":\"https:\/\/booking-convois.com\/?s={search_term_string}\"},\"query-input\":{\"@type\":\"PropertyValueSpecification\",\"valueRequired\":true,\"valueName\":\"search_term_string\"}}],\"inLanguage\":\"fr-FR\"}]}<\/script>\n<!-- \/ Yoast SEO plugin. -->","yoast_head_json":{"title":"Qui sommes-nous - Booking Convois","description":"Booking-Convois.com est une soci\u00e9t\u00e9 informatique qui d\u00e9veloppe des Solutions logicielles m\u00e9tiers autour du transport exceptionnel.","robots":{"index":"index","follow":"follow","max-snippet":"max-snippet:-1","max-image-preview":"max-image-preview:large","max-video-preview":"max-video-preview:-1"},"canonical":"https:\/\/booking-convois.com\/","og_locale":"fr_FR","og_type":"article","og_title":"Qui sommes-nous - Booking Convois","og_description":"Booking-Convois.com est une soci\u00e9t\u00e9 informatique qui d\u00e9veloppe des Solutions logicielles m\u00e9tiers autour du transport exceptionnel.","og_url":"https:\/\/booking-convois.com\/","og_site_name":"Booking Convois","article_modified_time":"2023-01-13T10:50:19+00:00","og_image":[{"url":"http:\/\/booking-convois.com\/wp-content\/uploads\/2022\/11\/pub-geoconvois-2-1024x453.jpg","type":"","width":"","height":""}],"twitter_card":"summary_large_image","twitter_misc":{"Dur\u00e9e de lecture estim\u00e9e":"2 minutes"},"schema":{"@context":"https:\/\/schema.org","@graph":[{"@type":"WebPage","@id":"https:\/\/booking-convois.com\/","url":"https:\/\/booking-convois.com\/","name":"Qui sommes-nous - Booking Convois","isPartOf":{"@id":"https:\/\/booking-convois.com\/#website"},"primaryImageOfPage":{"@id":"https:\/\/booking-convois.com\/#primaryimage"},"image":{"@id":"https:\/\/booking-convois.com\/#primaryimage"},"thumbnailUrl":"http:\/\/booking-convois.com\/wp-content\/uploads\/2022\/11\/pub-geoconvois-2-1024x453.jpg","datePublished":"2022-11-13T22:07:03+00:00","dateModified":"2023-01-13T10:50:19+00:00","description":"Booking-Convois.com est une soci\u00e9t\u00e9 informatique qui d\u00e9veloppe des Solutions logicielles m\u00e9tiers autour du transport exceptionnel.","breadcrumb":{"@id":"https:\/\/booking-convois.com\/#breadcrumb"},"inLanguage":"fr-FR","potentialAction":[{"@type":"ReadAction","target":["https:\/\/booking-convois.com\/"]}]},{"@type":"ImageObject","inLanguage":"fr-FR","@id":"https:\/\/booking-convois.com\/#primaryimage","url":"http:\/\/booking-convois.com\/wp-content\/uploads\/2022\/11\/pub-geoconvois-2-1024x453.jpg","contentUrl":"http:\/\/booking-convois.com\/wp-content\/uploads\/2022\/11\/pub-geoconvois-2-1024x453.jpg"},{"@type":"BreadcrumbList","@id":"https:\/\/booking-convois.com\/#breadcrumb","itemListElement":[{"@type":"ListItem","position":1,"name":"Accueil","item":"https:\/\/booking-convois.com\/"},{"@type":"ListItem","position":2,"name":"Qui sommes-nous"}]},{"@type":"WebSite","@id":"https:\/\/booking-convois.com\/#website","url":"https:\/\/booking-convois.com\/","name":"Booking Convois","description":"Des Solutions m\u00e9tiers autour du transport exceptionnel","potentialAction":[{"@type":"SearchAction","target":{"@type":"EntryPoint","urlTemplate":"https:\/\/booking-convois.com\/?s={search_term_string}"},"query-input":{"@type":"PropertyValueSpecification","valueRequired":true,"valueName":"search_term_string"}}],"inLanguage":"fr-FR"}]}},"_links":{"self":[{"href":"https:\/\/booking-convois.com\/index.php\/wp-json\/wp\/v2\/pages\/15","targetHints":{"allow":["GET"]}}],"collection":[{"href":"https:\/\/booking-convois.com\/index.php\/wp-json\/wp\/v2\/pages"}],"about":[{"href":"https:\/\/booking-convois.com\/index.php\/wp-json\/wp\/v2\/types\/page"}],"author":[{"embeddable":true,"href":"https:\/\/booking-convois.com\/index.php\/wp-json\/wp\/v2\/users\/1"}],"replies":[{"embeddable":true,"href":"https:\/\/booking-convois.com\/index.php\/wp-json\/wp\/v2\/comments?post=15"}],"version-history":[{"count":33,"href":"https:\/\/booking-convois.com\/index.php\/wp-json\/wp\/v2\/pages\/15\/revisions"}],"predecessor-version":[{"id":89,"href":"https:\/\/booking-convois.com\/index.php\/wp-json\/wp\/v2\/pages\/15\/revisions\/89"}],"wp:attachment":[{"href":"https:\/\/booking-convois.com\/index.php\/wp-json\/wp\/v2\/media?parent=15"}],"curies":[{"name":"wp","href":"https:\/\/api.w.org\/{rel}","templated":true}]}}